{"id":625,"date":"2024-02-23T15:54:48","date_gmt":"2024-02-23T14:54:48","guid":{"rendered":"https:\/\/jambrik-test.arsboni.hu\/?page_id=625"},"modified":"2025-06-13T07:50:20","modified_gmt":"2025-06-13T05:50:20","slug":"reklamjog","status":"publish","type":"page","link":"https:\/\/jambrik.hu\/en\/reklamjog\/","title":{"rendered":"Advertising Law"},"content":{"rendered":"<p>[et_pb_section fb_built=&#8221;1&#8243; custom_padding_last_edited=&#8221;off|desktop&#8221; disabled_on=&#8221;on|on|on&#8221; admin_label=&#8221;Header-1&#8243; _builder_version=&#8221;4.23&#8243; _module_preset=&#8221;default&#8221; background_color=&#8221;#0072c7&#8243; background_enable_image=&#8221;off&#8221; background_position=&#8221;top_right&#8221; background_repeat=&#8221;repeat&#8221; custom_margin=&#8221;||0vw||false|false&#8221; custom_padding=&#8221;169px||0px||false|false&#8221; custom_padding_tablet=&#8221;||24vw||false|false&#8221; bottom_divider_color=&#8221;RGBA(255,255,255,0)&#8221; bottom_divider_height=&#8221;12vw&#8221; disabled=&#8221;on&#8221; global_colors_info=&#8221;{}&#8221;][\/et_pb_section][et_pb_section fb_built=&#8221;1&#8243; custom_padding_last_edited=&#8221;off|desktop&#8221; next_background_color=&#8221;#ffffff&#8221; admin_label=&#8221;Header&#8221; _builder_version=&#8221;4.23&#8243; _module_preset=&#8221;default&#8221; background_color=&#8221;#0072c7&#8243; use_background_color_gradient=&#8221;on&#8221; background_color_gradient_stops=&#8221;#0072c7 0%|rgba(17,24,33,0.71) 100%&#8221; background_color_gradient_overlays_image=&#8221;on&#8221; background_color_gradient_start=&#8221;#111821&#8243; background_color_gradient_start_position=&#8221;31%&#8221; background_color_gradient_end=&#8221;rgba(17,24,33,0.71)&#8221; background_image=&#8221;https:\/\/jambrik-test.arsboni.hu\/wp-content\/uploads\/2024\/02\/szakterulet5-borito.png&#8221; background_position=&#8221;bottom_center&#8221; custom_margin=&#8221;||0vw||false|false&#8221; custom_padding=&#8221;1px||0px||false|false&#8221; custom_padding_tablet=&#8221;||24vw||false|false&#8221; bottom_divider_style=&#8221;arrow&#8221; bottom_divider_height=&#8221;12vw&#8221; global_colors_info=&#8221;{}&#8221;][et_pb_row _builder_version=&#8221;4.16&#8243; _module_preset=&#8221;default&#8221; max_width=&#8221;none&#8221; custom_padding=&#8221;93px||4px|||&#8221; global_colors_info=&#8221;{}&#8221;][et_pb_column type=&#8221;4_4&#8243; _builder_version=&#8221;4.16&#8243; _module_preset=&#8221;default&#8221; global_colors_info=&#8221;{}&#8221;][et_pb_image title_text=&#8221;jambrik-logowhite&#8221; align=&#8221;center&#8221; _builder_version=&#8221;4.27.4&#8243; _module_preset=&#8221;default&#8221; width=&#8221;7%&#8221; width_tablet=&#8221;10%&#8221; width_phone=&#8221;15%&#8221; width_last_edited=&#8221;on|phone&#8221; custom_margin=&#8221;||||false|false&#8221; hover_enabled=&#8221;0&#8243; locked=&#8221;off&#8221; global_colors_info=&#8221;{}&#8221; src=&#8221;https:\/\/jambrik.hu\/wp-content\/uploads\/2025\/06\/jambrik-logowhite.png&#8221; sticky_enabled=&#8221;0&#8243;][\/et_pb_image][et_pb_text _builder_version=&#8221;4.23&#8243; _module_preset=&#8221;1505492d-8e6d-4839-8cf2-3234560c7aaf&#8221; header_font=&#8221;Alata|||on|||||&#8221; header_text_color=&#8221;#ffffff&#8221; header_font_size=&#8221;4.5vw&#8221; header_line_height=&#8221;1.1em&#8221; text_orientation=&#8221;center&#8221; custom_margin=&#8221;40px||||false|false&#8221; header_font_size_tablet=&#8221;30px&#8221; header_font_size_phone=&#8221;24px&#8221; header_font_size_last_edited=&#8221;on|phone&#8221; global_colors_info=&#8221;{}&#8221;]<\/p>\n<h1><strong>rekl\u00e1mjog<\/strong><\/h1>\n<p>[\/et_pb_text][\/et_pb_column][\/et_pb_row][et_pb_row custom_padding_last_edited=&#8221;on|phone&#8221; _builder_version=&#8221;4.23&#8243; _module_preset=&#8221;default&#8221; max_width=&#8221;none&#8221; custom_margin=&#8221;-4px|auto|-1px|auto||&#8221; custom_padding=&#8221;0px||120px||false|false&#8221; custom_padding_tablet=&#8221;0px||150px||false|false&#8221; custom_padding_phone=&#8221;0px||100px||false|false&#8221; locked=&#8221;off&#8221; global_colors_info=&#8221;{}&#8221;][et_pb_column type=&#8221;4_4&#8243; _builder_version=&#8221;4.22.2&#8243; _module_preset=&#8221;default&#8221; global_colors_info=&#8221;{}&#8221;][et_pb_image src=&#8221;https:\/\/jambrik.hu\/wp-content\/uploads\/2025\/06\/flag-1.png&#8221; title_text=&#8221;flag-1&#8243; align=&#8221;center&#8221; _builder_version=&#8221;4.27.4&#8243; _module_preset=&#8221;default&#8221; width=&#8221;17%&#8221; custom_margin=&#8221;102px||||false|false&#8221; custom_margin_tablet=&#8221;25px||||false|false&#8221; custom_margin_phone=&#8221;25px||||false|false&#8221; custom_margin_last_edited=&#8221;on|phone&#8221; locked=&#8221;off&#8221; global_colors_info=&#8221;{}&#8221;][\/et_pb_image][\/et_pb_column][\/et_pb_row][\/et_pb_section][et_pb_section fb_built=&#8221;1&#8243; custom_padding_last_edited=&#8221;off|desktop&#8221; admin_label=&#8221;About&#8221; _builder_version=&#8221;4.23&#8243; _module_preset=&#8221;default&#8221; use_background_color_gradient=&#8221;on&#8221; background_color_gradient_stops=&#8221;#ffffff 0%|rgba(255, 255, 255, 0.5) 15%|rgba(255,255,255,0) 50%&#8221; background_color_gradient_overlays_image=&#8221;on&#8221; background_image=&#8221;https:\/\/jambrik-test.arsboni.hu\/wp-content\/uploads\/2023\/11\/Hatter-kocka-jambrik.png&#8221; background_size=&#8221;contain&#8221; background_repeat=&#8221;repeat&#8221; custom_padding=&#8221;3px||107px||false|false&#8221; custom_padding_tablet=&#8221;||0px||false|false&#8221; global_colors_info=&#8221;{}&#8221;][et_pb_row use_custom_gutter=&#8221;on&#8221; gutter_width=&#8221;2&#8243; make_equal=&#8221;on&#8221; _builder_version=&#8221;4.23&#8243; _module_preset=&#8221;default&#8221; width_tablet=&#8221;87%&#8221; width_phone=&#8221;92%&#8221; width_last_edited=&#8221;on|tablet&#8221; custom_margin=&#8221;|auto|-8px|auto||&#8221; custom_padding=&#8221;||4px|||&#8221; global_colors_info=&#8221;{}&#8221;][et_pb_column type=&#8221;4_4&#8243; _builder_version=&#8221;4.23&#8243; _module_preset=&#8221;default&#8221; background_color=&#8221;#ffffff&#8221; custom_padding=&#8221;20px|10px|20px|10px|true|true&#8221; custom_padding_tablet=&#8221;&#8221; custom_padding_phone=&#8221;20px|20px|20px|20px|true|true&#8221; custom_padding_last_edited=&#8221;on|desktop&#8221; border_color_all=&#8221;#333333&#8243; global_colors_info=&#8221;{}&#8221; background__hover_enabled=&#8221;on|hover&#8221; border_width_all__hover_enabled=&#8221;on|hover&#8221;][et_pb_text _builder_version=&#8221;4.23&#8243; _module_preset=&#8221;default&#8221; header_4_font=&#8221;Alata|700||on|||||&#8221; header_4_text_color=&#8221;#0f365a&#8221; header_4_font_size=&#8221;20px&#8221; header_4_line_height=&#8221;1.8em&#8221; text_orientation=&#8221;center&#8221; custom_margin=&#8221;|10px||10px|false|true&#8221; header_4_font_size_tablet=&#8221;20px&#8221; header_4_font_size_phone=&#8221;17px&#8221; header_4_font_size_last_edited=&#8221;on|phone&#8221; global_colors_info=&#8221;{}&#8221;]<\/p>\n<h4 class=\"et_pb_module_header et-fb-editable-element et-fb-editable-element__editing\" contenteditable=\"true\" data-shortcode-id=\"3.0.0.0-1708524782503\" data-quickaccess-id=\"header\">MEGB\u00cdZ\u00c1SAINK KITERJEDNEK AZ ONLINE \u00c9S HAGYOM\u00c1NYOS REKL\u00c1M, A KAPCSOL\u00d3D\u00d3 FOGYASZT\u00d3V\u00c9DELMI \u00c9S VERSENYJOGI \u00dcGYEKRE IS.<\/h4>\n<p>[\/et_pb_text][et_pb_text _builder_version=&#8221;4.23&#8243; _module_preset=&#8221;default&#8221; text_font=&#8221;Hind||||||||&#8221; text_font_size=&#8221;16px&#8221; text_line_height=&#8221;1.66em&#8221; custom_margin=&#8221;|15px||15px|false|true&#8221; custom_padding=&#8221;||46px|||&#8221; global_colors_info=&#8221;{}&#8221;]<\/p>\n<p>Egy c\u00e9g meg\u00edt\u00e9l\u00e9s\u00e9ben nagy szerepet j\u00e1tszik t\u00e1j\u00e9koztat\u00e1si gyakorlata, rekl\u00e1mtev\u00e9kenys\u00e9ge, hiszen term\u00e9k\u00e9r\u0151l \u00edgy szereznek tudom\u00e1st a fogyaszt\u00f3k. Ehhez k\u00edn\u00e1l Irod\u00e1nk sz\u00e9les k\u00f6r\u0171 seg\u00edts\u00e9get, \u00e9s v\u00e1llaljuk a koncepci\u00f3k, vagy megval\u00f3s\u00edt\u00e1si anyagok el\u0151zetes v\u00e9lem\u00e9nyez\u00e9s\u00e9t, marketing szerz\u0151d\u00e9sek k\u00e9sz\u00edt\u00e9s\u00e9t, de a vit\u00e1s helyzetekben val\u00f3 tan\u00e1csad\u00e1st, jogi k\u00e9pviseletet is.<\/p>\n<p>[\/et_pb_text][\/et_pb_column][\/et_pb_row][\/et_pb_section]<\/p>\n","protected":false},"excerpt":{"rendered":"<p>rekl\u00e1mjogMEGB\u00cdZ\u00c1SAINK KITERJEDNEK AZ ONLINE \u00c9S HAGYOM\u00c1NYOS REKL\u00c1M, A KAPCSOL\u00d3D\u00d3 FOGYASZT\u00d3V\u00c9DELMI \u00c9S VERSENYJOGI \u00dcGYEKRE IS.Egy c\u00e9g meg\u00edt\u00e9l\u00e9s\u00e9ben nagy szerepet j\u00e1tszik t\u00e1j\u00e9koztat\u00e1si gyakorlata, rekl\u00e1mtev\u00e9kenys\u00e9ge, hiszen term\u00e9k\u00e9r\u0151l \u00edgy szereznek tudom\u00e1st a fogyaszt\u00f3k. Ehhez k\u00edn\u00e1l Irod\u00e1nk sz\u00e9les k\u00f6r\u0171 seg\u00edts\u00e9get, \u00e9s v\u00e1llaljuk a koncepci\u00f3k, vagy megval\u00f3s\u00edt\u00e1si anyagok el\u0151zetes v\u00e9lem\u00e9nyez\u00e9s\u00e9t, marketing szerz\u0151d\u00e9sek k\u00e9sz\u00edt\u00e9s\u00e9t, de a vit\u00e1s helyzetekben val\u00f3 tan\u00e1csad\u00e1st, jogi k\u00e9pviseletet [&hellip;]<\/p>\n","protected":false},"author":2,"featured_media":0,"parent":0,"menu_order":0,"comment_status":"closed","ping_status":"closed","template":"","meta":{"_et_pb_use_builder":"on","_et_pb_old_content":"","_et_gb_content_width":"","footnotes":""},"class_list":["post-625","page","type-page","status-publish","hentry"],"_links":{"self":[{"href":"https:\/\/jambrik.hu\/en\/wp-json\/wp\/v2\/pages\/625","targetHints":{"allow":["GET"]}}],"collection":[{"href":"https:\/\/jambrik.hu\/en\/wp-json\/wp\/v2\/pages"}],"about":[{"href":"https:\/\/jambrik.hu\/en\/wp-json\/wp\/v2\/types\/page"}],"author":[{"embeddable":true,"href":"https:\/\/jambrik.hu\/en\/wp-json\/wp\/v2\/users\/2"}],"replies":[{"embeddable":true,"href":"https:\/\/jambrik.hu\/en\/wp-json\/wp\/v2\/comments?post=625"}],"version-history":[{"count":7,"href":"https:\/\/jambrik.hu\/en\/wp-json\/wp\/v2\/pages\/625\/revisions"}],"predecessor-version":[{"id":1320,"href":"https:\/\/jambrik.hu\/en\/wp-json\/wp\/v2\/pages\/625\/revisions\/1320"}],"wp:attachment":[{"href":"https:\/\/jambrik.hu\/en\/wp-json\/wp\/v2\/media?parent=625"}],"curies":[{"name":"wp","href":"https:\/\/api.w.org\/{rel}","templated":true}]}}