{"id":614,"date":"2024-02-23T15:20:52","date_gmt":"2024-02-23T14:20:52","guid":{"rendered":"https:\/\/jambrik-test.arsboni.hu\/?page_id=614"},"modified":"2025-06-13T07:51:11","modified_gmt":"2025-06-13T05:51:11","slug":"ingatlanjog","status":"publish","type":"page","link":"https:\/\/jambrik.hu\/en\/ingatlanjog\/","title":{"rendered":"Real Estate Law"},"content":{"rendered":"<p>[et_pb_section fb_built=&#8221;1&#8243; custom_padding_last_edited=&#8221;off|desktop&#8221; disabled_on=&#8221;on|on|on&#8221; admin_label=&#8221;Header-1&#8243; _builder_version=&#8221;4.23&#8243; _module_preset=&#8221;default&#8221; background_color=&#8221;#0072c7&#8243; background_enable_image=&#8221;off&#8221; background_position=&#8221;top_right&#8221; background_repeat=&#8221;repeat&#8221; custom_margin=&#8221;||0vw||false|false&#8221; custom_padding=&#8221;169px||0px||false|false&#8221; custom_padding_tablet=&#8221;||24vw||false|false&#8221; bottom_divider_color=&#8221;RGBA(255,255,255,0)&#8221; bottom_divider_height=&#8221;12vw&#8221; disabled=&#8221;on&#8221; global_colors_info=&#8221;{}&#8221;][\/et_pb_section][et_pb_section fb_built=&#8221;1&#8243; custom_padding_last_edited=&#8221;off|desktop&#8221; next_background_color=&#8221;#ffffff&#8221; admin_label=&#8221;Header&#8221; _builder_version=&#8221;4.23&#8243; _module_preset=&#8221;default&#8221; background_color=&#8221;#0072c7&#8243; use_background_color_gradient=&#8221;on&#8221; background_color_gradient_stops=&#8221;#0072c7 0%|rgba(17,24,33,0.71) 100%&#8221; background_color_gradient_overlays_image=&#8221;on&#8221; background_color_gradient_start=&#8221;#111821&#8243; background_color_gradient_start_position=&#8221;31%&#8221; background_color_gradient_end=&#8221;rgba(17,24,33,0.71)&#8221; background_image=&#8221;https:\/\/jambrik-test.arsboni.hu\/wp-content\/uploads\/2024\/02\/szakterulet5-borito.png&#8221; background_position=&#8221;bottom_center&#8221; custom_margin=&#8221;||0vw||false|false&#8221; custom_padding=&#8221;1px||0px||false|false&#8221; custom_padding_tablet=&#8221;||24vw||false|false&#8221; bottom_divider_style=&#8221;arrow&#8221; bottom_divider_height=&#8221;12vw&#8221; global_colors_info=&#8221;{}&#8221;][et_pb_row _builder_version=&#8221;4.16&#8243; _module_preset=&#8221;default&#8221; max_width=&#8221;none&#8221; custom_padding=&#8221;93px||4px|||&#8221; global_colors_info=&#8221;{}&#8221;][et_pb_column type=&#8221;4_4&#8243; _builder_version=&#8221;4.16&#8243; _module_preset=&#8221;default&#8221; global_colors_info=&#8221;{}&#8221;][et_pb_image title_text=&#8221;jambrik-logowhite&#8221; align=&#8221;center&#8221; _builder_version=&#8221;4.27.4&#8243; _module_preset=&#8221;default&#8221; width=&#8221;7%&#8221; width_tablet=&#8221;10%&#8221; width_phone=&#8221;15%&#8221; width_last_edited=&#8221;on|phone&#8221; custom_margin=&#8221;||||false|false&#8221; hover_enabled=&#8221;0&#8243; locked=&#8221;off&#8221; global_colors_info=&#8221;{}&#8221; src=&#8221;https:\/\/jambrik.hu\/wp-content\/uploads\/2025\/06\/jambrik-logowhite.png&#8221; sticky_enabled=&#8221;0&#8243;][\/et_pb_image][et_pb_text _builder_version=&#8221;4.23&#8243; _module_preset=&#8221;1505492d-8e6d-4839-8cf2-3234560c7aaf&#8221; header_font=&#8221;Alata|||on|||||&#8221; header_text_color=&#8221;#ffffff&#8221; header_font_size=&#8221;4.5vw&#8221; header_line_height=&#8221;1.1em&#8221; text_orientation=&#8221;center&#8221; custom_margin=&#8221;40px||||false|false&#8221; header_font_size_tablet=&#8221;40px&#8221; header_font_size_phone=&#8221;30px&#8221; header_font_size_last_edited=&#8221;on|phone&#8221; global_colors_info=&#8221;{}&#8221;]<\/p>\n<h1><strong>ingatlanjog<\/strong><\/h1>\n<p>[\/et_pb_text][\/et_pb_column][\/et_pb_row][et_pb_row custom_padding_last_edited=&#8221;on|phone&#8221; _builder_version=&#8221;4.23&#8243; _module_preset=&#8221;default&#8221; max_width=&#8221;none&#8221; custom_margin=&#8221;-4px|auto|-1px|auto||&#8221; custom_padding=&#8221;0px||120px||false|false&#8221; custom_padding_tablet=&#8221;0px||150px||false|false&#8221; custom_padding_phone=&#8221;0px||100px||false|false&#8221; locked=&#8221;off&#8221; global_colors_info=&#8221;{}&#8221;][et_pb_column type=&#8221;4_4&#8243; _builder_version=&#8221;4.22.2&#8243; _module_preset=&#8221;default&#8221; global_colors_info=&#8221;{}&#8221;][et_pb_image src=&#8221;https:\/\/jambrik.hu\/wp-content\/uploads\/2025\/06\/house-1-1.png&#8221; title_text=&#8221;house-1&#8243; align=&#8221;center&#8221; _builder_version=&#8221;4.27.4&#8243; _module_preset=&#8221;default&#8221; width=&#8221;17%&#8221; custom_margin=&#8221;102px||||false|false&#8221; custom_margin_tablet=&#8221;25px||||false|false&#8221; custom_margin_phone=&#8221;25px||||false|false&#8221; custom_margin_last_edited=&#8221;on|phone&#8221; locked=&#8221;off&#8221; global_colors_info=&#8221;{}&#8221;][\/et_pb_image][\/et_pb_column][\/et_pb_row][\/et_pb_section][et_pb_section fb_built=&#8221;1&#8243; custom_padding_last_edited=&#8221;off|desktop&#8221; admin_label=&#8221;About&#8221; _builder_version=&#8221;4.23&#8243; _module_preset=&#8221;default&#8221; use_background_color_gradient=&#8221;on&#8221; background_color_gradient_stops=&#8221;#ffffff 0%|rgba(255, 255, 255, 0.5) 15%|rgba(255,255,255,0) 50%&#8221; background_color_gradient_overlays_image=&#8221;on&#8221; background_image=&#8221;https:\/\/jambrik-test.arsboni.hu\/wp-content\/uploads\/2023\/11\/Hatter-kocka-jambrik.png&#8221; background_size=&#8221;contain&#8221; background_repeat=&#8221;repeat&#8221; custom_padding=&#8221;3px||107px||false|false&#8221; custom_padding_tablet=&#8221;||0px||false|false&#8221; global_colors_info=&#8221;{}&#8221;][et_pb_row use_custom_gutter=&#8221;on&#8221; gutter_width=&#8221;2&#8243; make_equal=&#8221;on&#8221; _builder_version=&#8221;4.23&#8243; _module_preset=&#8221;default&#8221; width_tablet=&#8221;87%&#8221; width_phone=&#8221;92%&#8221; width_last_edited=&#8221;on|tablet&#8221; min_height=&#8221;442.4px&#8221; custom_margin=&#8221;|auto|-8px|auto||&#8221; custom_padding=&#8221;||4px|||&#8221; global_colors_info=&#8221;{}&#8221;][et_pb_column type=&#8221;4_4&#8243; _builder_version=&#8221;4.23&#8243; _module_preset=&#8221;default&#8221; background_color=&#8221;#ffffff&#8221; custom_padding=&#8221;20px|10px|20px|10px|true|true&#8221; custom_padding_tablet=&#8221;&#8221; custom_padding_phone=&#8221;20px|20px|20px|20px|true|true&#8221; custom_padding_last_edited=&#8221;on|desktop&#8221; border_color_all=&#8221;#333333&#8243; global_colors_info=&#8221;{}&#8221; background__hover_enabled=&#8221;on|hover&#8221; border_width_all__hover_enabled=&#8221;on|hover&#8221;][et_pb_text _builder_version=&#8221;4.23&#8243; _module_preset=&#8221;default&#8221; header_4_font=&#8221;Alata|700||on|||||&#8221; header_4_text_color=&#8221;#0f365a&#8221; header_4_font_size=&#8221;17px&#8221; header_4_line_height=&#8221;1.8em&#8221; text_orientation=&#8221;center&#8221; custom_margin=&#8221;|10px||10px|false|true&#8221; header_4_text_color_tablet=&#8221;#0f365a&#8221; header_4_text_color_phone=&#8221;#0f365a&#8221; header_4_text_color_last_edited=&#8221;on|phone&#8221; global_colors_info=&#8221;{}&#8221;]<\/p>\n<h4 class=\"et_pb_module_header et-fb-editable-element et-fb-editable-element__editing\" contenteditable=\"true\" data-shortcode-id=\"3.0.0.0-1708524782503\" data-quickaccess-id=\"header\">SZ\u00c9LES K\u00d6RBEN \u00c1LLUNK RENDELKEZ\u00c9S\u00c9RE INGATLANNAL KAPCSOLATOS \u00dcGYEKBEN, \u00cdGY JOGI KONZULT\u00c1CI\u00d3VAL, OKIRATSZERKESZT\u00c9SSEL, INGATLAN-NYILV\u00c1NTART\u00c1SI \u00dcGYINT\u00c9Z\u00c9SSEL.<\/h4>\n<p>[\/et_pb_text][et_pb_text _builder_version=&#8221;4.23&#8243; _module_preset=&#8221;default&#8221; text_font=&#8221;Hind||||||||&#8221; text_font_size=&#8221;16px&#8221; text_line_height=&#8221;1.66em&#8221; custom_margin=&#8221;|15px||15px|false|true&#8221; custom_padding=&#8221;||13px|||&#8221; global_colors_info=&#8221;{}&#8221;]<\/p>\n<p>Megold\u00e1st k\u00edn\u00e1lunk a kisebb gar\u00e1zsok, lak\u00e1sok ad\u00e1sv\u00e9tel\u00e9t\u0151l kezdve, a csal\u00e1di h\u00e1zak \u00fcgyein kereszt\u00fcl, eg\u00e9szen a nagyobb kereskedelmi ingatlanok, ingatlan-beruh\u00e1z\u00e1sokkal kapcsolatos jogi \u00e1tvil\u00e1g\u00edt\u00e1s\u00e1ig, illet\u0151leg ak\u00e1r term\u0151f\u00f6ld ad\u00e1sv\u00e9tel\u00e9vel kapcsolatban is. Sz\u00e9les k\u00f6rben seg\u00edt\u00fcnk jogi konzult\u00e1ci\u00f3 mellett az ingatlan-nyilv\u00e1ntart\u00e1si \u00fcgyint\u00e9z\u00e9s egyes kapcsol\u00f3d\u00f3 k\u00e9rd\u00e9seit illet\u0151en is, mint p\u00e9ld\u00e1ul a k\u00fclf\u00f6ldiek ingatlanszerz\u00e9s\u00e9vel kapcsolatos enged\u00e9ly beszerz\u00e9s\u00e9vel \u00f6sszef\u00fcgg\u0151 \u00fcgyekben. Tulajdon \u00e1truh\u00e1z\u00e1si nyilatkozat szerkeszt\u00e9se \u00e9s \u00fcgyv\u00e9di let\u00e9tbe v\u00e9tele azokn\u00e1l az ad\u00e1sv\u00e9telekn\u00e9l, ahol a teljes v\u00e9tel\u00e1r megfizet\u00e9s\u00e9re vagy a t\u00e9nyleges birtokbaad\u00e1sra csak k\u00e9s\u0151bb ker\u00fcl sor. Hitel elemet tartalmaz\u00f3 jog\u00fcgyletekn\u00e9l figyelemmel k\u00eds\u00e9rj\u00fck a hitelint\u00e9zetekn\u00e9l zajl\u00f3 elj\u00e1r\u00e1st \u00e9s sz\u00fcks\u00e9g szerint seg\u00edts\u00e9get ny\u00fajtunk. Jogi tan\u00e1csad\u00e1st ny\u00fajtunk az ad\u00f3- \u00e9s illet\u00e9kk\u00f6telezetts\u00e9gekr\u0151l \u00e9s esetleges illet\u00e9kkedvezm\u00e9nyekr\u0151l, mentess\u00e9gekr\u0151l.<\/p>\n<p>[\/et_pb_text][\/et_pb_column][\/et_pb_row][\/et_pb_section]<\/p>\n","protected":false},"excerpt":{"rendered":"<p>ingatlanjogSZ\u00c9LES K\u00d6RBEN \u00c1LLUNK RENDELKEZ\u00c9S\u00c9RE INGATLANNAL KAPCSOLATOS \u00dcGYEKBEN, \u00cdGY JOGI KONZULT\u00c1CI\u00d3VAL, OKIRATSZERKESZT\u00c9SSEL, INGATLAN-NYILV\u00c1NTART\u00c1SI \u00dcGYINT\u00c9Z\u00c9SSEL.Megold\u00e1st k\u00edn\u00e1lunk a kisebb gar\u00e1zsok, lak\u00e1sok ad\u00e1sv\u00e9tel\u00e9t\u0151l kezdve, a csal\u00e1di h\u00e1zak \u00fcgyein kereszt\u00fcl, eg\u00e9szen a nagyobb kereskedelmi ingatlanok, ingatlan-beruh\u00e1z\u00e1sokkal kapcsolatos jogi \u00e1tvil\u00e1g\u00edt\u00e1s\u00e1ig, illet\u0151leg ak\u00e1r term\u0151f\u00f6ld ad\u00e1sv\u00e9tel\u00e9vel kapcsolatban is. Sz\u00e9les k\u00f6rben seg\u00edt\u00fcnk jogi konzult\u00e1ci\u00f3 mellett az ingatlan-nyilv\u00e1ntart\u00e1si \u00fcgyint\u00e9z\u00e9s egyes kapcsol\u00f3d\u00f3 k\u00e9rd\u00e9seit illet\u0151en is, mint [&hellip;]<\/p>\n","protected":false},"author":2,"featured_media":0,"parent":0,"menu_order":0,"comment_status":"closed","ping_status":"closed","template":"","meta":{"_et_pb_use_builder":"on","_et_pb_old_content":"","_et_gb_content_width":"","footnotes":""},"class_list":["post-614","page","type-page","status-publish","hentry"],"_links":{"self":[{"href":"https:\/\/jambrik.hu\/en\/wp-json\/wp\/v2\/pages\/614","targetHints":{"allow":["GET"]}}],"collection":[{"href":"https:\/\/jambrik.hu\/en\/wp-json\/wp\/v2\/pages"}],"about":[{"href":"https:\/\/jambrik.hu\/en\/wp-json\/wp\/v2\/types\/page"}],"author":[{"embeddable":true,"href":"https:\/\/jambrik.hu\/en\/wp-json\/wp\/v2\/users\/2"}],"replies":[{"embeddable":true,"href":"https:\/\/jambrik.hu\/en\/wp-json\/wp\/v2\/comments?post=614"}],"version-history":[{"count":6,"href":"https:\/\/jambrik.hu\/en\/wp-json\/wp\/v2\/pages\/614\/revisions"}],"predecessor-version":[{"id":1322,"href":"https:\/\/jambrik.hu\/en\/wp-json\/wp\/v2\/pages\/614\/revisions\/1322"}],"wp:attachment":[{"href":"https:\/\/jambrik.hu\/en\/wp-json\/wp\/v2\/media?parent=614"}],"curies":[{"name":"wp","href":"https:\/\/api.w.org\/{rel}","templated":true}]}}