{"id":578,"date":"2024-02-23T14:38:12","date_gmt":"2024-02-23T13:38:12","guid":{"rendered":"https:\/\/jambrik-test.arsboni.hu\/?page_id=578"},"modified":"2025-06-13T07:51:53","modified_gmt":"2025-06-13T05:51:53","slug":"adatvedelem","status":"publish","type":"page","link":"https:\/\/jambrik.hu\/en\/adatvedelem\/","title":{"rendered":"Data Protection"},"content":{"rendered":"<p>[et_pb_section fb_built=&#8221;1&#8243; custom_padding_last_edited=&#8221;off|desktop&#8221; disabled_on=&#8221;on|on|on&#8221; admin_label=&#8221;Header-1&#8243; _builder_version=&#8221;4.23&#8243; _module_preset=&#8221;default&#8221; background_color=&#8221;#0072c7&#8243; background_enable_image=&#8221;off&#8221; background_position=&#8221;top_right&#8221; background_repeat=&#8221;repeat&#8221; custom_margin=&#8221;||0vw||false|false&#8221; custom_padding=&#8221;169px||0px||false|false&#8221; custom_padding_tablet=&#8221;||24vw||false|false&#8221; bottom_divider_color=&#8221;RGBA(255,255,255,0)&#8221; bottom_divider_height=&#8221;12vw&#8221; disabled=&#8221;on&#8221; global_colors_info=&#8221;{}&#8221;][\/et_pb_section][et_pb_section fb_built=&#8221;1&#8243; custom_padding_last_edited=&#8221;off|desktop&#8221; next_background_color=&#8221;#ffffff&#8221; admin_label=&#8221;Header&#8221; _builder_version=&#8221;4.23&#8243; _module_preset=&#8221;default&#8221; background_color=&#8221;#0072c7&#8243; use_background_color_gradient=&#8221;on&#8221; background_color_gradient_stops=&#8221;#0072c7 0%|rgba(17,24,33,0.71) 100%&#8221; background_color_gradient_overlays_image=&#8221;on&#8221; background_color_gradient_start=&#8221;#111821&#8243; background_color_gradient_start_position=&#8221;31%&#8221; background_color_gradient_end=&#8221;rgba(17,24,33,0.71)&#8221; background_image=&#8221;https:\/\/jambrik-test.arsboni.hu\/wp-content\/uploads\/2024\/02\/szakterulet5-borito.png&#8221; background_position=&#8221;bottom_center&#8221; custom_margin=&#8221;||0vw||false|false&#8221; custom_padding=&#8221;1px||0px||false|false&#8221; custom_padding_tablet=&#8221;||24vw||false|false&#8221; bottom_divider_style=&#8221;arrow&#8221; bottom_divider_height=&#8221;12vw&#8221; global_colors_info=&#8221;{}&#8221;][et_pb_row _builder_version=&#8221;4.16&#8243; _module_preset=&#8221;default&#8221; max_width=&#8221;none&#8221; custom_padding=&#8221;93px||4px|||&#8221; global_colors_info=&#8221;{}&#8221;][et_pb_column type=&#8221;4_4&#8243; _builder_version=&#8221;4.16&#8243; _module_preset=&#8221;default&#8221; global_colors_info=&#8221;{}&#8221;][et_pb_image title_text=&#8221;jambrik-logowhite&#8221; align=&#8221;center&#8221; _builder_version=&#8221;4.27.4&#8243; _module_preset=&#8221;default&#8221; width=&#8221;7%&#8221; width_tablet=&#8221;10%&#8221; width_phone=&#8221;15%&#8221; width_last_edited=&#8221;on|phone&#8221; custom_margin=&#8221;||||false|false&#8221; hover_enabled=&#8221;0&#8243; locked=&#8221;off&#8221; global_colors_info=&#8221;{}&#8221; src=&#8221;https:\/\/jambrik.hu\/wp-content\/uploads\/2025\/06\/jambrik-logowhite.png&#8221; sticky_enabled=&#8221;0&#8243;][\/et_pb_image][et_pb_text _builder_version=&#8221;4.23&#8243; _module_preset=&#8221;1505492d-8e6d-4839-8cf2-3234560c7aaf&#8221; header_font=&#8221;Alata|||on|||||&#8221; header_text_color=&#8221;#ffffff&#8221; header_font_size=&#8221;4.5vw&#8221; header_line_height=&#8221;1.1em&#8221; text_orientation=&#8221;center&#8221; custom_margin=&#8221;40px||||false|false&#8221; header_font_size_tablet=&#8221;40px&#8221; header_font_size_phone=&#8221;30px&#8221; header_font_size_last_edited=&#8221;on|phone&#8221; global_colors_info=&#8221;{}&#8221;]<\/p>\n<h1><strong>Adatv\u00e9delem<\/strong><\/h1>\n<p>[\/et_pb_text][\/et_pb_column][\/et_pb_row][et_pb_row custom_padding_last_edited=&#8221;on|phone&#8221; _builder_version=&#8221;4.23&#8243; _module_preset=&#8221;default&#8221; max_width=&#8221;none&#8221; custom_margin=&#8221;-4px|auto|-1px|auto||&#8221; custom_padding=&#8221;0px||120px||false|false&#8221; custom_padding_tablet=&#8221;0px||150px||false|false&#8221; custom_padding_phone=&#8221;0px||100px||false|false&#8221; locked=&#8221;off&#8221; global_colors_info=&#8221;{}&#8221;][et_pb_column type=&#8221;4_4&#8243; _builder_version=&#8221;4.22.2&#8243; _module_preset=&#8221;default&#8221; global_colors_info=&#8221;{}&#8221;][et_pb_image src=&#8221;https:\/\/jambrik.hu\/wp-content\/uploads\/2025\/06\/email-2-1.png&#8221; title_text=&#8221;email-2 (1)&#8221; align=&#8221;center&#8221; _builder_version=&#8221;4.27.4&#8243; _module_preset=&#8221;default&#8221; width=&#8221;17%&#8221; custom_margin=&#8221;25px||||false|false&#8221; custom_margin_tablet=&#8221;25px||||false|false&#8221; custom_margin_phone=&#8221;25px||||false|false&#8221; custom_margin_last_edited=&#8221;on|phone&#8221; locked=&#8221;off&#8221; global_colors_info=&#8221;{}&#8221;][\/et_pb_image][\/et_pb_column][\/et_pb_row][\/et_pb_section][et_pb_section fb_built=&#8221;1&#8243; custom_padding_last_edited=&#8221;off|desktop&#8221; admin_label=&#8221;About&#8221; _builder_version=&#8221;4.23&#8243; _module_preset=&#8221;default&#8221; use_background_color_gradient=&#8221;on&#8221; background_color_gradient_stops=&#8221;#ffffff 0%|rgba(255, 255, 255, 0.5) 15%|rgba(255,255,255,0) 50%&#8221; background_color_gradient_overlays_image=&#8221;on&#8221; background_image=&#8221;https:\/\/jambrik-test.arsboni.hu\/wp-content\/uploads\/2023\/11\/Hatter-kocka-jambrik.png&#8221; background_size=&#8221;contain&#8221; background_repeat=&#8221;repeat&#8221; custom_padding=&#8221;3px||107px||false|false&#8221; custom_padding_tablet=&#8221;||0px||false|false&#8221; global_colors_info=&#8221;{}&#8221;][et_pb_row use_custom_gutter=&#8221;on&#8221; gutter_width=&#8221;2&#8243; make_equal=&#8221;on&#8221; _builder_version=&#8221;4.23&#8243; _module_preset=&#8221;default&#8221; width_tablet=&#8221;87%&#8221; width_phone=&#8221;92%&#8221; width_last_edited=&#8221;on|phone&#8221; min_height=&#8221;442.4px&#8221; custom_margin=&#8221;|auto|-8px|auto||&#8221; custom_padding=&#8221;||4px|||&#8221; global_colors_info=&#8221;{}&#8221;][et_pb_column type=&#8221;4_4&#8243; _builder_version=&#8221;4.23&#8243; _module_preset=&#8221;default&#8221; background_color=&#8221;#ffffff&#8221; custom_padding=&#8221;20px|10px|20px|10px|true|true&#8221; custom_padding_tablet=&#8221;&#8221; custom_padding_phone=&#8221;20px|20px|20px|20px|true|true&#8221; custom_padding_last_edited=&#8221;on|desktop&#8221; border_color_all=&#8221;#333333&#8243; global_colors_info=&#8221;{}&#8221; background__hover_enabled=&#8221;on|hover&#8221; border_width_all__hover_enabled=&#8221;on|hover&#8221;][et_pb_text _builder_version=&#8221;4.23&#8243; _module_preset=&#8221;default&#8221; text_font=&#8221;Alata|700|||||||&#8221; text_text_color=&#8221;#0f365a&#8221; text_font_size=&#8221;18px&#8221; text_line_height=&#8221;1.8em&#8221; header_4_font=&#8221;Alata|700||on|||||&#8221; header_4_text_color=&#8221;#0f365a&#8221; header_4_font_size=&#8221;20px&#8221; header_4_line_height=&#8221;1.8em&#8221; text_orientation=&#8221;center&#8221; custom_margin=&#8221;|10px||10px|false|true&#8221; custom_padding=&#8221;||0px|||&#8221; header_4_font_size_tablet=&#8221;17px&#8221; header_4_font_size_phone=&#8221;17px&#8221; header_4_font_size_last_edited=&#8221;on|tablet&#8221; global_colors_info=&#8221;{}&#8221;]<\/p>\n<h4><span>T\u00f6bb, mint 20 \u00e9ves tapasztalattal rendelkez\u00fcnk az adatv\u00e9delmi jog ter\u00fclet\u00e9n is. <\/span><\/h4>\n<p>[\/et_pb_text][et_pb_text _builder_version=&#8221;4.23&#8243; _module_preset=&#8221;default&#8221; text_font=&#8221;Hind||||||||&#8221; text_font_size=&#8221;16px&#8221; text_line_height=&#8221;1.66em&#8221; custom_margin=&#8221;|15px||15px|false|true&#8221; custom_padding=&#8221;||||false|false&#8221; global_colors_info=&#8221;{}&#8221;]<\/p>\n<p>\u00dcgyfeleinkre szabott egyedi jogi megold\u00e1sok, dokumentumok kidolgoz\u00e1s\u00e1t v\u00e1llaljuk a GDPR-nak \u00e9s az Infot\u00f6rv\u00e9nynek, tov\u00e1bb\u00e1 az egyes \u00e1gazati jogszab\u00e1lyoknak val\u00f3 megfelel\u00e9s kialak\u00edt\u00e1s\u00e1hoz, mind kis- \u00e9s k\u00f6z\u00e9p v\u00e1llalkoz\u00e1sok, mind pedig multinacion\u00e1lis c\u00e9gek, k\u00f6zfeladatot ell\u00e1t\u00f3 v\u00e1llalkoz\u00e1sok \u00e9s int\u00e9zm\u00e9nyek, vagy t\u00e1rsash\u00e1zak r\u00e9sz\u00e9re.<\/p>\n<p>V\u00e1llaljuk \u00fcgyfeleink adatkezel\u00e9si folyamatainak \u00e9s adatv\u00e9delmi gyakorlat\u00e1nak felm\u00e9r\u00e9s\u00e9t, a GDPR \u00e9s az egy\u00e9b adatv\u00e9delmi jogszab\u00e1lyoknak t\u00f6rt\u00e9n\u0151 megfelel\u00e9s kialak\u00edt\u00e1s\u00e1hoz teljesk\u00f6r\u0171 \u00e9s szem\u00e9lyre szabott tan\u00e1csad\u00e1st, adatkezel\u00e9si t\u00e1j\u00e9koztat\u00f3k, hozz\u00e1j\u00e1rul\u00f3 nyilatkozatok, adatv\u00e9delmi szab\u00e1lyzatok meg\u00edr\u00e1s\u00e1t, tov\u00e1bb\u00e1 \u00e9rdekm\u00e9rlegel\u00e9si tesztek \u00e9s hat\u00e1svizsg\u00e1latok lefolytat\u00e1s\u00e1t. Komplex \u00e1tvil\u00e1g\u00edt\u00e1sokn\u00e1l \u00e1lland\u00f3 IT biztons\u00e1gi \u00e9s HR szak\u00e9rt\u0151 partner\u00fcnkkel dolgozunk. T\u00f6bbek k\u00f6z\u00f6tt weboldalak, marketing kamp\u00e1nyok, prom\u00f3ci\u00f3k, kamerarendszerek, munkahelyi adatkezel\u00e9s adatv\u00e9delmi jogszab\u00e1lyoknak t\u00f6rt\u00e9n\u0151 megfeleltet\u00e9s\u00e9ben ny\u00fajtunk jogi t\u00e1mogat\u00e1st, \u00e9s seg\u00edt\u00fcnk \u00fcgyfeleinknek az adatkezel\u00e9si nyilv\u00e1ntart\u00e1si k\u00f6telezetts\u00e9g, az \u00e1gazati jogszab\u00e1lyok adatv\u00e9delmi rendelkez\u00e9sei, az incidenskezel\u00e9s, adatfeldolgoz\u00f3i \u00e9s k\u00f6z\u00f6s adatkezel\u00e9si szerz\u0151d\u00e9sek \u00e9s a be\u00e9p\u00edtett adatv\u00e9delem \u00e9rv\u00e9nyes\u00fcl\u00e9se ter\u00e9n. V\u00e1llaljuk tov\u00e1bb\u00e1 adatv\u00e9delmi oktat\u00e1sok tart\u00e1s\u00e1t, adatkezel\u00e9si folyamatok id\u0151szakos fel\u00fclvizsg\u00e1lat\u00e1ban jogi t\u00e1mogat\u00e1st, illetve adatv\u00e9delmi tisztvisel\u0151i feladatok ell\u00e1t\u00e1s\u00e1t is.<\/p>\n<p>[\/et_pb_text][\/et_pb_column][\/et_pb_row][\/et_pb_section]<\/p>\n","protected":false},"excerpt":{"rendered":"<p>Adatv\u00e9delemT\u00f6bb, mint 20 \u00e9ves tapasztalattal rendelkez\u00fcnk az adatv\u00e9delmi jog ter\u00fclet\u00e9n is. \u00dcgyfeleinkre szabott egyedi jogi megold\u00e1sok, dokumentumok kidolgoz\u00e1s\u00e1t v\u00e1llaljuk a GDPR-nak \u00e9s az Infot\u00f6rv\u00e9nynek, tov\u00e1bb\u00e1 az egyes \u00e1gazati jogszab\u00e1lyoknak val\u00f3 megfelel\u00e9s kialak\u00edt\u00e1s\u00e1hoz, mind kis- \u00e9s k\u00f6z\u00e9p v\u00e1llalkoz\u00e1sok, mind pedig multinacion\u00e1lis c\u00e9gek, k\u00f6zfeladatot ell\u00e1t\u00f3 v\u00e1llalkoz\u00e1sok \u00e9s int\u00e9zm\u00e9nyek, vagy t\u00e1rsash\u00e1zak r\u00e9sz\u00e9re. V\u00e1llaljuk \u00fcgyfeleink adatkezel\u00e9si folyamatainak \u00e9s adatv\u00e9delmi [&hellip;]<\/p>\n","protected":false},"author":2,"featured_media":0,"parent":0,"menu_order":0,"comment_status":"closed","ping_status":"closed","template":"","meta":{"_et_pb_use_builder":"on","_et_pb_old_content":"","_et_gb_content_width":"","footnotes":""},"class_list":["post-578","page","type-page","status-publish","hentry"],"_links":{"self":[{"href":"https:\/\/jambrik.hu\/en\/wp-json\/wp\/v2\/pages\/578","targetHints":{"allow":["GET"]}}],"collection":[{"href":"https:\/\/jambrik.hu\/en\/wp-json\/wp\/v2\/pages"}],"about":[{"href":"https:\/\/jambrik.hu\/en\/wp-json\/wp\/v2\/types\/page"}],"author":[{"embeddable":true,"href":"https:\/\/jambrik.hu\/en\/wp-json\/wp\/v2\/users\/2"}],"replies":[{"embeddable":true,"href":"https:\/\/jambrik.hu\/en\/wp-json\/wp\/v2\/comments?post=578"}],"version-history":[{"count":11,"href":"https:\/\/jambrik.hu\/en\/wp-json\/wp\/v2\/pages\/578\/revisions"}],"predecessor-version":[{"id":1324,"href":"https:\/\/jambrik.hu\/en\/wp-json\/wp\/v2\/pages\/578\/revisions\/1324"}],"wp:attachment":[{"href":"https:\/\/jambrik.hu\/en\/wp-json\/wp\/v2\/media?parent=578"}],"curies":[{"name":"wp","href":"https:\/\/api.w.org\/{rel}","templated":true}]}}